{"id":110,"date":"2024-05-13T17:54:47","date_gmt":"2024-05-13T23:54:47","guid":{"rendered":"https:\/\/www.intellisoftware.com.mx\/new\/?page_id=110"},"modified":"2024-06-19T22:28:00","modified_gmt":"2024-06-20T04:28:00","slug":"terminos-y-condiciones","status":"publish","type":"page","link":"https:\/\/www.elritualdelfuego.com\/portal\/terminos-y-condiciones\/","title":{"rendered":"Terminos y Condiciones"},"content":{"rendered":"\n<p>Bienvenido a El Ritual del Fuego. Si contin\u00faa navegando y utilizando este sitio web, acepta cumplir y estar sujeto a los siguientes t\u00e9rminos y condiciones de uso, que junto con nuestra pol\u00edtica de privacidad rigen la relaci\u00f3n de El Ritual del Fuego con usted en relaci\u00f3n con este sitio web.<\/p>\n\n\n\n<p>El t\u00e9rmino El Ritual del Fuego o \u201cnosotros\u201d se refiere al propietario del sitio web. El t\u00e9rmino \u201custed\u201d se refiere al usuario o espectador de nuestro sitio web. El uso de este sitio web est\u00e1 sujeto a los siguientes t\u00e9rminos de uso:<\/p>\n\n\n\n<p>El contenido de las p\u00e1ginas de este sitio web es para su informaci\u00f3n general y uso \u00fanicamente.<\/p>\n\n\n\n<p>Est\u00e1 sujeto a cambios sin previo aviso.<\/p>\n\n\n\n<p>Ni nosotros ni terceros ofrecemos ninguna garant\u00eda en cuanto a la exactitud, puntualidad, rendimiento, integridad o idoneidad de la informaci\u00f3n y los materiales encontrados u ofrecidos en este sitio web para ning\u00fan prop\u00f3sito particular. Usted reconoce que dicha informaci\u00f3n y materiales pueden contener inexactitudes o errores y excluimos expresamente la responsabilidad por dichas inexactitudes o errores en la m\u00e1xima medida permitida por la ley.<\/p>\n\n\n\n<p>El uso que usted haga de cualquier informaci\u00f3n o material en este sitio web es bajo su propio riesgo, del cual no seremos responsables. Ser\u00e1 su propia responsabilidad garantizar que cualquier producto, servicio o informaci\u00f3n disponible a trav\u00e9s de este sitio web cumpla con sus requisitos espec\u00edficos.<\/p>\n\n\n\n<p>Este sitio web contiene material que es de nuestra propiedad o tiene licencia para nosotros. Este material incluye, entre otros, el dise\u00f1o, la disposici\u00f3n, el aspecto, la apariencia y los gr\u00e1ficos. La reproducci\u00f3n est\u00e1 prohibida excepto de conformidad con el aviso de derechos de autor, que forma parte de estos t\u00e9rminos y condiciones.<\/p>\n\n\n\n<p>Todas las marcas comerciales reproducidas en este sitio web, que no son propiedad ni tienen licencia del operador, se reconocen en el sitio web.<\/p>\n\n\n\n<p>El uso no autorizado de este sitio web puede dar lugar a una reclamaci\u00f3n por da\u00f1os y perjuicios y\/o constituir un delito penal. De vez en cuando este sitio web tambi\u00e9n puede incluir enlaces a otros sitios web. Estos enlaces se proporcionan para su comodidad para proporcionar m\u00e1s informaci\u00f3n. No significan que respaldemos los sitios web. No tenemos ninguna responsabilidad por el contenido de los sitios web vinculados.<\/p>\n\n\n\n<p>No puede crear un enlace a este sitio web desde otro sitio web o documento sin el consentimiento previo por escrito de El Ritual del Fuego.<\/p>\n","protected":false},"excerpt":{"rendered":"<p>Bienvenido a El Ritual del Fuego. Si contin\u00faa navegando y utilizando este sitio web, acepta cumplir y estar sujeto a los siguientes t\u00e9rminos y condiciones de uso, que junto con nuestra pol\u00edtica de privacidad rigen la relaci\u00f3n de El Ritual del Fuego con usted en relaci\u00f3n con este sitio web. El t\u00e9rmino El Ritual del [&hellip;]<\/p>\n","protected":false},"author":1,"featured_media":0,"parent":0,"menu_order":0,"comment_status":"closed","ping_status":"closed","template":"","meta":{"_uag_custom_page_level_css":"","site-sidebar-layout":"default","site-content-layout":"","ast-site-content-layout":"default","site-content-style":"default","site-sidebar-style":"default","ast-global-header-display":"","ast-banner-title-visibility":"","ast-main-header-display":"","ast-hfb-above-header-display":"","ast-hfb-below-header-display":"","ast-hfb-mobile-header-display":"","site-post-title":"","ast-breadcrumbs-content":"","ast-featured-img":"","footer-sml-layout":"","ast-disable-related-posts":"","theme-transparent-header-meta":"","adv-header-id-meta":"","stick-header-meta":"","header-above-stick-meta":"","header-main-stick-meta":"","header-below-stick-meta":"","astra-migrate-meta-layouts":"default","ast-page-background-enabled":"default","ast-page-background-meta":{"desktop":{"background-color":"var(--ast-global-color-4)","background-image":"","background-repeat":"repeat","background-position":"center center","background-size":"auto","background-attachment":"scroll","background-type":"","background-media":"","overlay-type":"","overlay-color":"","overlay-opacity":"","overlay-gradient":""},"tablet":{"background-color":"","background-image":"","background-repeat":"repeat","background-position":"center center","background-size":"auto","background-attachment":"scroll","background-type":"","background-media":"","overlay-type":"","overlay-color":"","overlay-opacity":"","overlay-gradient":""},"mobile":{"background-color":"","background-image":"","background-repeat":"repeat","background-position":"center center","background-size":"auto","background-attachment":"scroll","background-type":"","background-media":"","overlay-type":"","overlay-color":"","overlay-opacity":"","overlay-gradient":""}},"ast-content-background-meta":{"desktop":{"background-color":"var(--ast-global-color-5)","background-image":"","background-repeat":"repeat","background-position":"center center","background-size":"auto","background-attachment":"scroll","background-type":"","background-media":"","overlay-type":"","overlay-color":"","overlay-opacity":"","overlay-gradient":""},"tablet":{"background-color":"var(--ast-global-color-5)","background-image":"","background-repeat":"repeat","background-position":"center center","background-size":"auto","background-attachment":"scroll","background-type":"","background-media":"","overlay-type":"","overlay-color":"","overlay-opacity":"","overlay-gradient":""},"mobile":{"background-color":"var(--ast-global-color-5)","background-image":"","background-repeat":"repeat","background-position":"center center","background-size":"auto","background-attachment":"scroll","background-type":"","background-media":"","overlay-type":"","overlay-color":"","overlay-opacity":"","overlay-gradient":""}},"footnotes":""},"class_list":["post-110","page","type-page","status-publish","hentry"],"uagb_featured_image_src":{"full":false,"thumbnail":false,"medium":false,"medium_large":false,"large":false,"1536x1536":false,"2048x2048":false},"uagb_author_info":{"display_name":"webmaster","author_link":"https:\/\/www.elritualdelfuego.com\/portal\/author\/mvillarreal\/"},"uagb_comment_info":0,"uagb_excerpt":"Bienvenido a El Ritual del Fuego. Si contin\u00faa navegando y utilizando este sitio web, acepta cumplir y estar sujeto a los siguientes t\u00e9rminos y condiciones de uso, que junto con nuestra pol\u00edtica de privacidad rigen la relaci\u00f3n de El Ritual del Fuego con usted en relaci\u00f3n con este sitio web. El t\u00e9rmino El Ritual del&hellip;","_links":{"self":[{"href":"https:\/\/www.elritualdelfuego.com\/portal\/wp-json\/wp\/v2\/pages\/110","targetHints":{"allow":["GET"]}}],"collection":[{"href":"https:\/\/www.elritualdelfuego.com\/portal\/wp-json\/wp\/v2\/pages"}],"about":[{"href":"https:\/\/www.elritualdelfuego.com\/portal\/wp-json\/wp\/v2\/types\/page"}],"author":[{"embeddable":true,"href":"https:\/\/www.elritualdelfuego.com\/portal\/wp-json\/wp\/v2\/users\/1"}],"replies":[{"embeddable":true,"href":"https:\/\/www.elritualdelfuego.com\/portal\/wp-json\/wp\/v2\/comments?post=110"}],"version-history":[{"count":3,"href":"https:\/\/www.elritualdelfuego.com\/portal\/wp-json\/wp\/v2\/pages\/110\/revisions"}],"predecessor-version":[{"id":812,"href":"https:\/\/www.elritualdelfuego.com\/portal\/wp-json\/wp\/v2\/pages\/110\/revisions\/812"}],"wp:attachment":[{"href":"https:\/\/www.elritualdelfuego.com\/portal\/wp-json\/wp\/v2\/media?parent=110"}],"curies":[{"name":"wp","href":"https:\/\/api.w.org\/{rel}","templated":true}]}}